{"id":5,"date":"2017-12-02T11:38:32","date_gmt":"2017-12-02T10:38:32","guid":{"rendered":"http:\/\/katjazelinkaskerlavaj.com\/?page_id=5"},"modified":"2018-12-21T11:14:56","modified_gmt":"2018-12-21T11:14:56","slug":"o-nas","status":"publish","type":"page","link":"https:\/\/katjazelinkaskerlavaj.com\/sl\/o-nas\/","title":{"rendered":"o nas"},"content":{"rendered":"<p><\/p>\n<h1>Katja Zelinka \u0160kerlavaj<\/h1>\n<p>Rojena v Ljubljani, kjer je diplomirala na Fakulteti za arhitekturo, Univerze v Ljubljani. \u017de kot \u0161tudent se je uspe\u0161no udele\u017eevala nate\u010dajev s podro\u010dja grafi\u010dnega oblikovanja. Kasneje je delovala kot samostojni kulturni delavec. Na nate\u010dajih s podro\u010dja grafi\u010dnega oblikovanja je prejela \u0161tevilne nagrade. Na 10. grafi\u010dnem bienalu v Brnu 1982 je prejela srebrno medaljo v kategoriji za\u0161\u010ditni znaki. Njena dela so bila objavljena v doma\u010di in tuji strokovni literaturi in razstavljena v Sloveniji in tujini.<\/p>\n<p>&nbsp;<\/p>\n<div class=\"toggle\"><a class=\"tablinks current\" data-tab=\"nagrade\">nagrade<\/a> | <a class=\"tablinks\" data-tab=\"razstave\">razstave<\/a> | <a class=\"tablinks\" data-tab=\"objave\">objave<\/a><\/div>\n<div id=\"nagrade\" class=\"design current\">\n<p><strong>Industrijski biro<\/strong>, Ljubljana<br \/>\n1. nagrada za za\u0161\u010ditni znak<br \/>\n1971<\/p>\n<p><strong>Centromerkur<\/strong>, Ljubljana<br \/>\nOdkup na nate\u010daju za za\u0161\u010ditni znak<br \/>\n1971<\/p>\n<p><strong>1. BIGO &#8211; 1. bienale grafi\u010dnega oblikovanja<\/strong>, Maribor<br \/>\n<strong>Nagrada za najbolj\u0161e delo v skupini za\u0161\u010ditni znaki in emblemi<\/strong><br \/>\n1972<\/p>\n<p><strong>1.BIGO \u2013 1. bienale grafi\u010dnega oblikovanja<\/strong>, Maribor<br \/>\n2. nagrada na nate\u010daju za plakat 1. BIGO, soavtor Peter \u0160kerlavaj<br \/>\n1972<\/p>\n<p><strong>Zlatarna Celje<\/strong><br \/>\n2. nagrada na nate\u010daju za za\u0161\u010ditni znak<br \/>\n1972<\/p>\n<p><strong>\u017delezarna Jesenice<\/strong><br \/>\n3. nagrada na nate\u010daju za jubilejno zna\u010dko in listino<br \/>\n1972<\/p>\n<p><strong>Liko<\/strong>, Vrhnika<br \/>\nOdkup na nate\u010daju za za\u0161\u010ditni znak<br \/>\n1972<\/p>\n<p><strong>Zlatarna Celje<\/strong><br \/>\n3. nagrada na nate\u010daju za oblikovanje zlatega in srebrnega nakita<br \/>\n1973<\/p>\n<p><strong>Ilirija<\/strong>, Ljubljana<br \/>\n1. nagrada na nate\u010daju za za\u0161\u010ditni znak<br \/>\n1973<\/p>\n<p><strong>Gozdno in lesno gospodarstvo<\/strong>, Slovenj Gradec<br \/>\n1. nagrada na nate\u010daju za za\u0161\u010ditni znak<br \/>\n1974<\/p>\n<p><strong>SOP Slovenija ceste<\/strong>, Ljubljana<br \/>\nOdkup na nate\u010daju za za\u0161\u010ditni znak<br \/>\n1974<\/p>\n<p><strong>Alpetour<\/strong>, \u0160kofja Loka<br \/>\n1. nagrada na nate\u010daju za za\u0161\u010ditni znak<br \/>\n1975<\/p>\n<p><strong>Fakulteta za elektrotehniko<\/strong>, Univerza v Ljubljani<br \/>\n1. nagrada na nate\u010daju za za\u0161\u010ditni znak, soavtor Peter \u0160kerlavaj<br \/>\n1975<\/p>\n<p><strong>Gozdno gospodarstvo Novo mesto<\/strong><br \/>\n1. nagrada na nate\u010daju za za\u0161\u010ditni znak<br \/>\n1976<\/p>\n<p><strong>JUB<\/strong> \u2013 kemi\u010dna industrija<br \/>\n3. nagrada na nate\u010daju za za\u0161\u010ditni znak<br \/>\n1978<\/p>\n<p><strong>10. bienale Brno &#8217;82,<\/strong> X. mednarodni grafi\u010dni bienale Brno &#8217;82<br \/>\n<strong>Srebrna medalja v skupini za\u0161\u010ditni znaki<\/strong><br \/>\n1982<\/p>\n<p><strong>Cankarjev dom<\/strong>, Ljubljana<br \/>\n1. nagrada na nate\u010daju za celostno podobo kulturnega in kongresnega centra.<br \/>\n1983<\/p>\n<p><strong>Mestna ob\u010dina Ljubljana<\/strong><br \/>\nOdkup na nate\u010daju za znak in celostno grafi\u010dno podobo mesta<br \/>\n1988<\/p>\n<p><strong>Ekolo\u0161ko razvojni sklad RS<\/strong>, Ljubljana<br \/>\n3.nagrada na nate\u010daju za celostno podobo sklada, soavtor Peter \u0160kerlavaj<br \/>\n1995<\/p>\n<p>&nbsp;<\/p>\n<p><strong>Sodelovanje na vabljenih nate\u010dajih<\/strong><\/p>\n<p><strong>RTV Slovenija<\/strong><br \/>\nNate\u010daj za celostno grafi\u010dno podobo<br \/>\n1993<\/p>\n<p><strong>Mestna ob\u010dina Ljubljana<\/strong><br \/>\nNate\u010daj za znak in celostno podobo mesta<br \/>\n2000<\/p>\n<\/div>\n<div id=\"razstave\" class=\"design\"><strong>1. BIGO<\/strong> \u2013 Bienale grafi\u010dnega oblikovanja, Maribor, 1972<br \/>\n<strong>AS design,<\/strong> Ljubljana, 1973<br \/>\n<strong>VIII. bienale Brno&#8217;78<\/strong>, Mednarodni bienale grafi\u010dnega oblikovanja, Brno, 1978<br \/>\n<strong>BIO 8<\/strong>, Bienale industrijskega oblikovanja, Ljubljana, 1979<br \/>\n<strong>BIO 9<\/strong>, Bienale industrijskega oblikovanja, Ljubljana, 1981<br \/>\n<strong>ZGRAF 3<\/strong>, Mednarodna razstava grafi\u010dnega oblikovanja, Zagreb, 1981<br \/>\n<strong>X. bienale Brno &#8217;82<\/strong>, Mednarodni bienale grafi\u010dnega oblikovanja, Brno, 1982<br \/>\n<strong>Cankarjev dom<\/strong>, razstava nagrajenih del za celostno grafi\u010dno podobo Cankarjevega doma, Ljubljana, 1983<br \/>\n<strong>BIO 10<\/strong>, Bienale industrijskega oblikovanja, Ljubljana,1983<br \/>\n<strong>ZGRAF 4<\/strong>, Mednarodna razstava grafi\u010dnega oblikovanja, Zagreb, 1985<br \/>\n<strong>XII. bienale Brno &#8217;86<\/strong>, Mednarodni bienale grafi\u010dnega oblikovanja, Brno, 1986<br \/>\n<strong>ZGRAF 5<\/strong>, Mednarodna razstava grafi\u010dnega oblikovanja, Zagreb, 1987<br \/>\n<strong>Dru\u0161tvo oblikovalcev Slovenije<\/strong>, Ljubljana, razstave 1982 do 2002<br \/>\n<strong>XIV. bienale Brno &#8217;90<\/strong>, Mednarodni bienale grafi\u010dnega oblikovanja, Brno, 1990<br \/>\n<strong>XVI. bienale Brno &#8217;94<\/strong>, Mednarodni bienale grafi\u010dnega oblikovanja, Brno, 1994<br \/>\n<strong>Festival d&#8217; Affiches de Chaumont<\/strong>, Francija<br \/>\n<strong>Po\u0161ta Slovenije<\/strong>, razstava ob izidu bo\u017ei\u010dne znamke, Ljubljana, 1994<br \/>\n<strong>Design in Slovenia<\/strong>, Ljubljana, 1995<br \/>\n<strong>World at Your Fingertips<\/strong>, The Fax Design Exhibition, Brno, 1996<br \/>\n<strong>Poster Museum Wilanow<\/strong>, Poljska, 1999<br \/>\n<strong>Trnava PosterTriennial 2000<\/strong>, Trnava, Slova\u0161ka, 2000<br \/>\n<strong>Golden Bee 5<\/strong>, Mednarodni bienale grafi\u010dnega oblikovanja, Moskva, 2000<br \/>\n<strong>Razstava vabljenih udele\u017eencev nate\u010daja za celostno podobo mesta Ljubljane<\/strong>, Galerija Kresija, Ljubljana, 2001<br \/>\n<strong>Slovenski plakat devetdesetih let<\/strong>, Zagreb, 2003<br \/>\n<strong>Redesign Europe<\/strong>, Berlin 2005<br \/>\n<strong>Arhitektura Inventura, razstava DAL &#8211; Dru\u0161tva arhitektov Ljubljane<\/strong>, Cankarjev dom, 2004, 2006, 2012, 2014, 2016<\/div>\n<div id=\"objave\" class=\"design\"><strong>VIII. bienale Brno, katalog, 1978<br \/>\nF.M. Ricci: Top Symbols and Trademarks of the World, Annual 10, 1979\/80<br \/>\nF.M. Ricci : Top Symbols and Trademarks of the World, Annual 11, 1981\/82<br \/>\nZGRAF 3, katalog, 1981<br \/>\nX. bienale Brno, katalog, 1982<br \/>\nTakenobu Igarashi: World Trademarks and Logotypes, 1983<br \/>\nXII. bienale Brno, katalog, 1986<br \/>\nZGRAF 5, katalog, 1987<br \/>\nDavid E. Carter: Letterheads 6, 1987<br \/>\nTakenobu Igarashi: World Trademarks and Logotypes 2, 1987<br \/>\nYasaburo Kuwayama: Trademarks Collection, Europe 1, 1988<br \/>\nWorld Graphic Design Now \u2013 Corporate identity, 1989<br \/>\nTakenobu Igarashi: Letterheads 2, 1989<br \/>\nTakenobu Igarashi: Businesscards, 1989<br \/>\nY. Kuwayama: Marks &amp; Symbols of the World, 1989<br \/>\nStane Bernik: Plakat in znak, 1989<br \/>\nXIV. bienale Brno, katalog, 1990<br \/>\nDavid E. Carter: Logo international 2, 1990<br \/>\nIDEA Special Issue: Graphic design in East Europe, 1990<br \/>\nGraphis Poster 90, 1990<br \/>\nTakenobu. Igarashi: World trademarks and logotypes III, 1991<br \/>\nXVI. bienale Brno, katalog, 1994<br \/>\nEdi Berk: Design in Slovenia, 1995<br \/>\nStane Bernik: Slovenski plakat devetdesetih let, 1997<br \/>\nDavid E. Carter: Creativity 27, 1998<br \/>\nEulda 2006<\/strong><\/div>\n<p><\/p>","protected":false},"excerpt":{"rendered":"<p>Katja Zelinka \u0160kerlavaj Rojena v Ljubljani, kjer je diplomirala na Fakulteti za arhitekturo, Univerze v Ljubljani. \u017de kot \u0161tudent se je uspe\u0161no udele\u017eevala nate\u010dajev s podro\u010dja grafi\u010dnega oblikovanja. Kasneje je delovala kot samostojni kulturni delavec. Na nate\u010dajih s podro\u010dja grafi\u010dnega oblikovanja je prejela \u0161tevilne nagrade. Na 10. grafi\u010dnem bienalu v Brnu 1982 je prejela srebrno [&hellip;]<\/p>\n","protected":false},"author":1,"featured_media":0,"parent":0,"menu_order":1,"comment_status":"closed","ping_status":"closed","template":"","meta":{"footnotes":""},"_links":{"self":[{"href":"https:\/\/katjazelinkaskerlavaj.com\/sl\/wp-json\/wp\/v2\/pages\/5"}],"collection":[{"href":"https:\/\/katjazelinkaskerlavaj.com\/sl\/wp-json\/wp\/v2\/pages"}],"about":[{"href":"https:\/\/katjazelinkaskerlavaj.com\/sl\/wp-json\/wp\/v2\/types\/page"}],"author":[{"embeddable":true,"href":"https:\/\/katjazelinkaskerlavaj.com\/sl\/wp-json\/wp\/v2\/users\/1"}],"replies":[{"embeddable":true,"href":"https:\/\/katjazelinkaskerlavaj.com\/sl\/wp-json\/wp\/v2\/comments?post=5"}],"version-history":[{"count":53,"href":"https:\/\/katjazelinkaskerlavaj.com\/sl\/wp-json\/wp\/v2\/pages\/5\/revisions"}],"predecessor-version":[{"id":420,"href":"https:\/\/katjazelinkaskerlavaj.com\/sl\/wp-json\/wp\/v2\/pages\/5\/revisions\/420"}],"wp:attachment":[{"href":"https:\/\/katjazelinkaskerlavaj.com\/sl\/wp-json\/wp\/v2\/media?parent=5"}],"curies":[{"name":"wp","href":"https:\/\/api.w.org\/{rel}","templated":true}]}}